{"id":1930,"date":"2022-11-30T16:23:42","date_gmt":"2022-11-30T15:23:42","guid":{"rendered":"https:\/\/newole.osulzer.at\/protezione-dei-dati\/"},"modified":"2025-10-29T09:13:35","modified_gmt":"2025-10-29T08:13:35","slug":"protezione-dei-dati","status":"publish","type":"page","link":"https:\/\/www.newole.at\/it\/protezione-dei-dati\/","title":{"rendered":"Protezione dei dati"},"content":{"rendered":"\t\t<div data-elementor-type=\"wp-page\" data-elementor-id=\"1930\" class=\"elementor elementor-1930 elementor-77\" data-elementor-post-type=\"page\">\n\t\t\t\t\t\t<section class=\"elementor-section elementor-top-section elementor-element elementor-element-1c9f154 elementor-section-height-min-height elementor-section-boxed elementor-section-height-default elementor-section-items-middle\" data-id=\"1c9f154\" data-element_type=\"section\" data-e-type=\"section\">\n\t\t\t\t\t\t<div class=\"elementor-container elementor-column-gap-default\">\n\t\t\t\t\t<div class=\"elementor-column elementor-col-100 elementor-top-column elementor-element elementor-element-6f33e78\" data-id=\"6f33e78\" data-element_type=\"column\" data-e-type=\"column\">\n\t\t\t<div class=\"elementor-widget-wrap elementor-element-populated\">\n\t\t\t\t\t\t<div class=\"elementor-element elementor-element-a9b5dd6 elementor-widget elementor-widget-image\" data-id=\"a9b5dd6\" data-element_type=\"widget\" data-e-type=\"widget\" data-widget_type=\"image.default\">\n\t\t\t\t\t\t\t\t\t\t\t\t\t\t\t<img fetchpriority=\"high\" decoding=\"async\" width=\"1600\" height=\"1200\" src=\"https:\/\/www.newole.at\/wp-content\/uploads\/2022\/12\/graffiti-g51fb789ad_1920-1.jpg\" class=\"attachment-full size-full wp-image-1773\" alt=\"\" srcset=\"https:\/\/www.newole.at\/wp-content\/uploads\/2022\/12\/graffiti-g51fb789ad_1920-1.jpg 1600w, https:\/\/www.newole.at\/wp-content\/uploads\/2022\/12\/graffiti-g51fb789ad_1920-1-300x225.jpg 300w, https:\/\/www.newole.at\/wp-content\/uploads\/2022\/12\/graffiti-g51fb789ad_1920-1-1024x768.jpg 1024w, https:\/\/www.newole.at\/wp-content\/uploads\/2022\/12\/graffiti-g51fb789ad_1920-1-768x576.jpg 768w, https:\/\/www.newole.at\/wp-content\/uploads\/2022\/12\/graffiti-g51fb789ad_1920-1-1536x1152.jpg 1536w\" sizes=\"(max-width: 1600px) 100vw, 1600px\" \/>\t\t\t\t\t\t\t\t\t\t\t\t\t\t\t<\/div>\n\t\t\t\t\t<\/div>\n\t\t<\/div>\n\t\t\t\t\t<\/div>\n\t\t<\/section>\n\t\t\t\t<section class=\"elementor-section elementor-top-section elementor-element elementor-element-308572e8 elementor-reverse-mobile elementor-section-boxed elementor-section-height-default elementor-section-height-default\" data-id=\"308572e8\" data-element_type=\"section\" data-e-type=\"section\">\n\t\t\t\t\t\t<div class=\"elementor-container elementor-column-gap-default\">\n\t\t\t\t\t<div class=\"elementor-column elementor-col-100 elementor-top-column elementor-element elementor-element-74149941\" data-id=\"74149941\" data-element_type=\"column\" data-e-type=\"column\">\n\t\t\t<div class=\"elementor-widget-wrap elementor-element-populated\">\n\t\t\t\t\t\t<div class=\"elementor-element elementor-element-25e4b56d elementor-widget elementor-widget-heading\" data-id=\"25e4b56d\" data-element_type=\"widget\" data-e-type=\"widget\" data-widget_type=\"heading.default\">\n\t\t\t\t\t<h1 class=\"elementor-heading-title elementor-size-default\">Protezione dei dati<\/h1>\t\t\t\t<\/div>\n\t\t\t\t<div class=\"elementor-element elementor-element-6ed8d556 elementor-widget elementor-widget-text-editor\" data-id=\"6ed8d556\" data-element_type=\"widget\" data-e-type=\"widget\" data-widget_type=\"text-editor.default\">\n\t\t\t\t\t\t\t\t\t<p>Prendiamo sul serio la questione della protezione dei dati e abbiamo riassunto in questa pagina tutte le informazioni importanti su come gestiamo i tuoi dati per i nostri ospiti e clienti.<\/p>\n<h3><strong>Biscotti<\/strong><\/h3>\n<p>Utilizziamo i seguenti cookie per garantire la funzionalit\u00e0 del nostro sito web:<\/p>\n<ul>\n<li><span style=\"text-decoration: underline;\">cookieyes-consent<\/span> &#8211; Salva le impostazioni per la protezione dei dati personali<\/li>\n<\/ul>\n<h3><strong>Tracciamento<\/strong><\/h3>\n<p>Utilizziamo il software gratuito Matomo per raccogliere le statistiche dei visitatori. La tua visita al nostro sito web viene tracciata in modo anonimo; in particolare, gli ultimi due byte del tuo indirizzo IP vengono anonimizzati, rendendo impossibile stabilire un collegamento tra i dati di utilizzo raccolti e la tua persona.<\/p>\n<h3><strong>Log del server e hosting<\/strong><\/h3>\n<p>Il nostro server web registra gli accessi al nostro sito e li memorizza per 72 ore per analizzare problemi tecnici e attacchi informatici. Dopo 72 ore, il tuo indirizzo IP, comprese le informazioni sulla tua visita, viene automaticamente cancellato. I file di log registrati dal server web non vengono analizzati statisticamente o elaborati ulteriormente.<\/p>\n<h3><strong>Richieste tramite il modulo di contatto<\/strong><\/h3>\n<p>Hai la possibilit\u00e0 di inviarci un messaggio tramite il modulo di contatto sul nostro sito web. Il tuo messaggio sar\u00e0 trasmesso tramite il nostro modulo al nostro server SMTP, che provveder\u00e0 a recapitarlo a noi. Utilizziamo i dati che ci hai trasmesso esclusivamente per elaborare la tua richiesta. Non condividiamo queste informazioni con terze parti.<\/p>\n<p><\/p>\t\t\t\t\t\t\t\t<\/div>\n\t\t\t\t\t<\/div>\n\t\t<\/div>\n\t\t\t\t\t<\/div>\n\t\t<\/section>\n\t\t\t\t<\/div>\n\t\t","protected":false},"excerpt":{"rendered":"<p>Protezione dei dati Prendiamo sul serio la questione della protezione dei dati e abbiamo riassunto in questa pagina tutte le informazioni importanti su come gestiamo i tuoi dati per i nostri ospiti e clienti. Biscotti Utilizziamo i seguenti cookie per garantire la funzionalit\u00e0 del nostro sito web: cookieyes-consent &#8211; Salva le impostazioni per la protezione [&hellip;]<\/p>\n","protected":false},"author":1,"featured_media":0,"parent":0,"menu_order":0,"comment_status":"closed","ping_status":"closed","template":"","meta":{"_acf_changed":false,"footnotes":""},"class_list":["post-1930","page","type-page","status-publish","hentry"],"acf":[],"_links":{"self":[{"href":"https:\/\/www.newole.at\/it\/wp-json\/wp\/v2\/pages\/1930","targetHints":{"allow":["GET"]}}],"collection":[{"href":"https:\/\/www.newole.at\/it\/wp-json\/wp\/v2\/pages"}],"about":[{"href":"https:\/\/www.newole.at\/it\/wp-json\/wp\/v2\/types\/page"}],"author":[{"embeddable":true,"href":"https:\/\/www.newole.at\/it\/wp-json\/wp\/v2\/users\/1"}],"replies":[{"embeddable":true,"href":"https:\/\/www.newole.at\/it\/wp-json\/wp\/v2\/comments?post=1930"}],"version-history":[{"count":1,"href":"https:\/\/www.newole.at\/it\/wp-json\/wp\/v2\/pages\/1930\/revisions"}],"predecessor-version":[{"id":1931,"href":"https:\/\/www.newole.at\/it\/wp-json\/wp\/v2\/pages\/1930\/revisions\/1931"}],"wp:attachment":[{"href":"https:\/\/www.newole.at\/it\/wp-json\/wp\/v2\/media?parent=1930"}],"curies":[{"name":"wp","href":"https:\/\/api.w.org\/{rel}","templated":true}]}}