{"id":1815,"date":"2022-12-09T14:12:32","date_gmt":"2022-12-09T13:12:32","guid":{"rendered":"https:\/\/newole.osulzer.at\/persone\/"},"modified":"2026-03-24T13:48:40","modified_gmt":"2026-03-24T12:48:40","slug":"persone","status":"publish","type":"page","link":"https:\/\/www.newole.at\/it\/persone\/","title":{"rendered":"Persone"},"content":{"rendered":"\t\t<div data-elementor-type=\"wp-page\" data-elementor-id=\"1815\" class=\"elementor elementor-1815 elementor-529\" data-elementor-post-type=\"page\">\n\t\t\t\t\t\t<section class=\"elementor-section elementor-top-section elementor-element elementor-element-2afa5146 elementor-section-height-min-height elementor-section-boxed elementor-section-height-default elementor-section-items-middle\" data-id=\"2afa5146\" data-element_type=\"section\" data-e-type=\"section\">\n\t\t\t\t\t\t<div class=\"elementor-container elementor-column-gap-default\">\n\t\t\t\t\t<div class=\"elementor-column elementor-col-100 elementor-top-column elementor-element elementor-element-121f4b4f\" data-id=\"121f4b4f\" data-element_type=\"column\" data-e-type=\"column\">\n\t\t\t<div class=\"elementor-widget-wrap elementor-element-populated\">\n\t\t\t\t\t\t<div class=\"elementor-element elementor-element-473fc17 elementor-widget elementor-widget-image\" data-id=\"473fc17\" data-element_type=\"widget\" data-e-type=\"widget\" data-widget_type=\"image.default\">\n\t\t\t\t\t\t\t\t\t\t\t\t\t\t\t<img fetchpriority=\"high\" decoding=\"async\" width=\"2560\" height=\"482\" src=\"https:\/\/www.newole.at\/wp-content\/uploads\/2022\/12\/20220812_113728-scaled.jpg\" class=\"attachment-full size-full wp-image-1772\" alt=\"\" srcset=\"https:\/\/www.newole.at\/wp-content\/uploads\/2022\/12\/20220812_113728-scaled.jpg 2560w, https:\/\/www.newole.at\/wp-content\/uploads\/2022\/12\/20220812_113728-300x56.jpg 300w, https:\/\/www.newole.at\/wp-content\/uploads\/2022\/12\/20220812_113728-1024x193.jpg 1024w, https:\/\/www.newole.at\/wp-content\/uploads\/2022\/12\/20220812_113728-768x144.jpg 768w, https:\/\/www.newole.at\/wp-content\/uploads\/2022\/12\/20220812_113728-1536x289.jpg 1536w, https:\/\/www.newole.at\/wp-content\/uploads\/2022\/12\/20220812_113728-2048x385.jpg 2048w\" sizes=\"(max-width: 2560px) 100vw, 2560px\" \/>\t\t\t\t\t\t\t\t\t\t\t\t\t\t\t<\/div>\n\t\t\t\t\t<\/div>\n\t\t<\/div>\n\t\t\t\t\t<\/div>\n\t\t<\/section>\n\t\t\t\t<section class=\"elementor-section elementor-top-section elementor-element elementor-element-7c27ca0 elementor-section-boxed elementor-section-height-default elementor-section-height-default\" data-id=\"7c27ca0\" data-element_type=\"section\" data-e-type=\"section\">\n\t\t\t\t\t\t<div class=\"elementor-container elementor-column-gap-default\">\n\t\t\t\t\t<div class=\"elementor-column elementor-col-100 elementor-top-column elementor-element elementor-element-d3c51a9\" data-id=\"d3c51a9\" data-element_type=\"column\" data-e-type=\"column\">\n\t\t\t<div class=\"elementor-widget-wrap elementor-element-populated\">\n\t\t\t\t\t\t<div class=\"elementor-element elementor-element-74e6178 elementor-widget elementor-widget-heading\" data-id=\"74e6178\" data-element_type=\"widget\" data-e-type=\"widget\" data-widget_type=\"heading.default\">\n\t\t\t\t\t<h2 class=\"elementor-heading-title elementor-size-default\">Sullo Studio Legale<\/h2>\t\t\t\t<\/div>\n\t\t\t\t<div class=\"elementor-element elementor-element-5b7e426 elementor-widget elementor-widget-text-editor\" data-id=\"5b7e426\" data-element_type=\"widget\" data-e-type=\"widget\" data-widget_type=\"text-editor.default\">\n\t\t\t\t\t\t\t\t\t<p><strong>NEWOLE<\/strong> studio legale esiste dal 1992. Forniamo consulenza e assistenza a persone fisiche e giuridiche italiane e straniere, nonch\u00e9 istituzioni pubbliche. In particolare nei settori del diritto civile generale e del diritto commerciale Non solo dinanzi alle autorit\u00e0 giurisdizionali e amministrative, ma anche al di fuori di esse, ad esempio nella fase di negoziazione e redazione dei contratti.&nbsp;<\/p>\t\t\t\t\t\t\t\t<\/div>\n\t\t\t\t\t<\/div>\n\t\t<\/div>\n\t\t\t\t\t<\/div>\n\t\t<\/section>\n\t\t\t\t<section class=\"elementor-section elementor-top-section elementor-element elementor-element-c43f265 elementor-section-boxed elementor-section-height-default elementor-section-height-default\" data-id=\"c43f265\" data-element_type=\"section\" data-e-type=\"section\">\n\t\t\t\t\t\t<div class=\"elementor-container elementor-column-gap-default\">\n\t\t\t\t\t<div class=\"elementor-column elementor-col-100 elementor-top-column elementor-element elementor-element-c390912\" data-id=\"c390912\" data-element_type=\"column\" data-e-type=\"column\">\n\t\t\t<div class=\"elementor-widget-wrap elementor-element-populated\">\n\t\t\t\t\t\t<div class=\"elementor-element elementor-element-2f5c225 elementor-widget elementor-widget-heading\" data-id=\"2f5c225\" data-element_type=\"widget\" data-e-type=\"widget\" data-widget_type=\"heading.default\">\n\t\t\t\t\t<h2 class=\"elementor-heading-title elementor-size-default\">La nostra squadra di esperti<\/h2>\t\t\t\t<\/div>\n\t\t\t\t\t<\/div>\n\t\t<\/div>\n\t\t\t\t\t<\/div>\n\t\t<\/section>\n\t\t\t\t<section class=\"elementor-section elementor-top-section elementor-element elementor-element-223ce0a elementor-reverse-tablet elementor-reverse-mobile elementor-section-boxed elementor-section-height-default elementor-section-height-default\" data-id=\"223ce0a\" data-element_type=\"section\" data-e-type=\"section\">\n\t\t\t\t\t\t<div class=\"elementor-container elementor-column-gap-default\">\n\t\t\t\t\t<div class=\"elementor-column elementor-col-50 elementor-top-column elementor-element elementor-element-a6c25fd\" data-id=\"a6c25fd\" data-element_type=\"column\" data-e-type=\"column\">\n\t\t\t<div class=\"elementor-widget-wrap elementor-element-populated\">\n\t\t\t\t\t\t<div class=\"elementor-element elementor-element-25bd7efe elementor-widget elementor-widget-heading\" data-id=\"25bd7efe\" data-element_type=\"widget\" data-e-type=\"widget\" data-widget_type=\"heading.default\">\n\t\t\t\t\t<div class=\"elementor-heading-title elementor-size-default\">Dr. Karl Newole<\/div>\t\t\t\t<\/div>\n\t\t\t\t<div class=\"elementor-element elementor-element-1668682a elementor-widget elementor-widget-text-editor\" data-id=\"1668682a\" data-element_type=\"widget\" data-e-type=\"widget\" data-widget_type=\"text-editor.default\">\n\t\t\t\t\t\t\t\t\t<p>M.A. JOHNS HOPKINS UNIV. (USA)<br>Avvocato<\/p><ul><li>Nato a Klagenfurt<\/li><li>Nel 1984 ha conseguito la laurea in Scienze Giuridiche presso l&#8217;Universit\u00e0 di Vienna, ottenendo il titolo di Dottore in Giurisprudenza<\/li><li>Nel 1986 ha completato con successo il corso di studi post-laurea biennale in Relazioni Internazionali, Economia e Politica presso la Johns Hopkins University, ottenendo il titolo di Master of Arts. Il corso si \u00e8 svolto tra le sedi di Bologna (Italia) e Washington D.C. (USA)<\/li><li>Ha completato la sua formazione professionale come avvocato presso rinomati studi legali internazionali, tra cui Patton, Boggs  Blow a Washington D.C., lo studio dell&#8217;avv. Dr. Daniel Charim a Vienna e Heller, L\u00f6ber Bahn (ora Freshfields) sempre a Vienna<\/li><li>Segretario di ministero per 3 anni presso il Ministero federale dell&#8217;Interno<\/li><li>Esercizio della professione di avvocato dal 1992<\/li><li>Esercizio dell&#8217;insegnamento di diritto privato e societario presso le istituzioni accademiche Technikum K\u00e4rnten (Public Management) e Europ\u00e4ischer Wirtschafts- und Unternehmensf\u00fchrung Wien (EWUF)<\/li><li>Intervento come relatore in seminari e conferenze organizzate da diverse istituzioni ed enti<\/li><li>Consulenza amministrativa presso le societ\u00e0 Austria Film e Video GmbH (gi\u00e0 Austria Wochenschau) e Vereinigte B\u00fchnen Wien (VBW), <a href=\"http:\/\/www.musicalvienna.at\/vbw\/unternehmen\">www.musicalvienna.at\/vbw\/unternehmen<\/a>.<\/li><\/ul>\t\t\t\t\t\t\t\t<\/div>\n\t\t\t\t\t<\/div>\n\t\t<\/div>\n\t\t\t\t<div class=\"elementor-column elementor-col-50 elementor-top-column elementor-element elementor-element-aa867dd\" data-id=\"aa867dd\" data-element_type=\"column\" data-e-type=\"column\">\n\t\t\t<div class=\"elementor-widget-wrap elementor-element-populated\">\n\t\t\t\t\t\t<div class=\"elementor-element elementor-element-37823c1 elementor-widget elementor-widget-image\" data-id=\"37823c1\" data-element_type=\"widget\" data-e-type=\"widget\" data-widget_type=\"image.default\">\n\t\t\t\t\t\t\t\t\t\t\t\t\t\t\t<img decoding=\"async\" width=\"2560\" height=\"1841\" src=\"https:\/\/www.newole.at\/wp-content\/uploads\/2023\/07\/20221018_PD2631.HR_-scaled.jpg\" class=\"attachment-full size-full wp-image-1790\" alt=\"\" srcset=\"https:\/\/www.newole.at\/wp-content\/uploads\/2023\/07\/20221018_PD2631.HR_-scaled.jpg 2560w, https:\/\/www.newole.at\/wp-content\/uploads\/2023\/07\/20221018_PD2631.HR_-300x216.jpg 300w, https:\/\/www.newole.at\/wp-content\/uploads\/2023\/07\/20221018_PD2631.HR_-1024x736.jpg 1024w, https:\/\/www.newole.at\/wp-content\/uploads\/2023\/07\/20221018_PD2631.HR_-768x552.jpg 768w, https:\/\/www.newole.at\/wp-content\/uploads\/2023\/07\/20221018_PD2631.HR_-1536x1105.jpg 1536w, https:\/\/www.newole.at\/wp-content\/uploads\/2023\/07\/20221018_PD2631.HR_-2048x1473.jpg 2048w\" sizes=\"(max-width: 2560px) 100vw, 2560px\" \/>\t\t\t\t\t\t\t\t\t\t\t\t\t\t\t<\/div>\n\t\t\t\t\t<\/div>\n\t\t<\/div>\n\t\t\t\t\t<\/div>\n\t\t<\/section>\n\t\t\t\t<section class=\"elementor-section elementor-top-section elementor-element elementor-element-6a3b06c elementor-section-boxed elementor-section-height-default elementor-section-height-default\" data-id=\"6a3b06c\" data-element_type=\"section\" data-e-type=\"section\">\n\t\t\t\t\t\t<div class=\"elementor-container elementor-column-gap-default\">\n\t\t\t\t\t<div class=\"elementor-column elementor-col-33 elementor-top-column elementor-element elementor-element-3ebeeaa\" data-id=\"3ebeeaa\" data-element_type=\"column\" data-e-type=\"column\" data-settings=\"{&quot;background_background&quot;:&quot;classic&quot;}\">\n\t\t\t<div class=\"elementor-widget-wrap elementor-element-populated\">\n\t\t\t\t\t\t<div class=\"elementor-element elementor-element-f573f10 elementor-widget elementor-widget-heading\" data-id=\"f573f10\" data-element_type=\"widget\" data-e-type=\"widget\" data-widget_type=\"heading.default\">\n\t\t\t\t\t<div class=\"elementor-heading-title elementor-size-default\">Mag.  Lisa Kiedl<\/div>\t\t\t\t<\/div>\n\t\t\t\t<div class=\"elementor-element elementor-element-8f536ae elementor-widget elementor-widget-text-editor\" data-id=\"8f536ae\" data-element_type=\"widget\" data-e-type=\"widget\" data-widget_type=\"text-editor.default\">\n\t\t\t\t\t\t\t\t\t<p><strong>Schwerpunkte:<\/strong><\/p>\t\t\t\t\t\t\t\t<\/div>\n\t\t\t\t<div class=\"elementor-element elementor-element-30e012a elementor-icon-list--layout-traditional elementor-list-item-link-full_width elementor-widget elementor-widget-icon-list\" data-id=\"30e012a\" data-element_type=\"widget\" data-e-type=\"widget\" data-widget_type=\"icon-list.default\">\n\t\t\t\t\t\t\t<ul class=\"elementor-icon-list-items\">\n\t\t\t\t\t\t\t<li class=\"elementor-icon-list-item\">\n\t\t\t\t\t\t\t\t\t\t\t<span class=\"elementor-icon-list-icon\">\n\t\t\t\t\t\t\t<i aria-hidden=\"true\" class=\"fas fa-circle\"><\/i>\t\t\t\t\t\t<\/span>\n\t\t\t\t\t\t\t\t\t\t<span class=\"elementor-icon-list-text\">Allgemeines Schadenersatzrecht<\/span>\n\t\t\t\t\t\t\t\t\t<\/li>\n\t\t\t\t\t\t\t\t<li class=\"elementor-icon-list-item\">\n\t\t\t\t\t\t\t\t\t\t\t<span class=\"elementor-icon-list-icon\">\n\t\t\t\t\t\t\t<i aria-hidden=\"true\" class=\"fas fa-circle\"><\/i>\t\t\t\t\t\t<\/span>\n\t\t\t\t\t\t\t\t\t\t<span class=\"elementor-icon-list-text\">Arzthaftung<\/span>\n\t\t\t\t\t\t\t\t\t<\/li>\n\t\t\t\t\t\t<\/ul>\n\t\t\t\t\t\t<\/div>\n\t\t\t\t\t<\/div>\n\t\t<\/div>\n\t\t\t\t<div class=\"elementor-column elementor-col-33 elementor-top-column elementor-element elementor-element-0ee9289\" data-id=\"0ee9289\" data-element_type=\"column\" data-e-type=\"column\" data-settings=\"{&quot;background_background&quot;:&quot;classic&quot;}\">\n\t\t\t<div class=\"elementor-widget-wrap elementor-element-populated\">\n\t\t\t\t\t\t<div class=\"elementor-element elementor-element-a8544a8 elementor-widget elementor-widget-heading\" data-id=\"a8544a8\" data-element_type=\"widget\" data-e-type=\"widget\" data-widget_type=\"heading.default\">\n\t\t\t\t\t<div class=\"elementor-heading-title elementor-size-default\">cand. iur. Nina Tomas <\/div>\t\t\t\t<\/div>\n\t\t\t\t<div class=\"elementor-element elementor-element-ebb9c07 elementor-widget elementor-widget-text-editor\" data-id=\"ebb9c07\" data-element_type=\"widget\" data-e-type=\"widget\" data-widget_type=\"text-editor.default\">\n\t\t\t\t\t\t\t\t\t<p><strong>Schwerpunkte:<\/strong><\/p>\t\t\t\t\t\t\t\t<\/div>\n\t\t\t\t<div class=\"elementor-element elementor-element-0657271 elementor-icon-list--layout-traditional elementor-list-item-link-full_width elementor-widget elementor-widget-icon-list\" data-id=\"0657271\" data-element_type=\"widget\" data-e-type=\"widget\" data-widget_type=\"icon-list.default\">\n\t\t\t\t\t\t\t<ul class=\"elementor-icon-list-items\">\n\t\t\t\t\t\t\t<li class=\"elementor-icon-list-item\">\n\t\t\t\t\t\t\t\t\t\t\t<span class=\"elementor-icon-list-icon\">\n\t\t\t\t\t\t\t<i aria-hidden=\"true\" class=\"fas fa-circle\"><\/i>\t\t\t\t\t\t<\/span>\n\t\t\t\t\t\t\t\t\t\t<span class=\"elementor-icon-list-text\">Familienrecht und Verm\u00f6gensnachfolge<\/span>\n\t\t\t\t\t\t\t\t\t<\/li>\n\t\t\t\t\t\t\t\t<li class=\"elementor-icon-list-item\">\n\t\t\t\t\t\t\t\t\t\t\t<span class=\"elementor-icon-list-icon\">\n\t\t\t\t\t\t\t<i aria-hidden=\"true\" class=\"fas fa-circle\"><\/i>\t\t\t\t\t\t<\/span>\n\t\t\t\t\t\t\t\t\t\t<span class=\"elementor-icon-list-text\">international divorce and family law<\/span>\n\t\t\t\t\t\t\t\t\t<\/li>\n\t\t\t\t\t\t<\/ul>\n\t\t\t\t\t\t<\/div>\n\t\t\t\t\t<\/div>\n\t\t<\/div>\n\t\t\t\t<div class=\"elementor-column elementor-col-33 elementor-top-column elementor-element elementor-element-da8434e\" data-id=\"da8434e\" data-element_type=\"column\" data-e-type=\"column\" data-settings=\"{&quot;background_background&quot;:&quot;classic&quot;}\">\n\t\t\t<div class=\"elementor-widget-wrap elementor-element-populated\">\n\t\t\t\t\t\t<div class=\"elementor-element elementor-element-6aa37bc elementor-widget elementor-widget-heading\" data-id=\"6aa37bc\" data-element_type=\"widget\" data-e-type=\"widget\" data-widget_type=\"heading.default\">\n\t\t\t\t\t<div class=\"elementor-heading-title elementor-size-default\">stud. iur. Alexander Newole<\/div>\t\t\t\t<\/div>\n\t\t\t\t<div class=\"elementor-element elementor-element-eb0d4aa elementor-widget elementor-widget-text-editor\" data-id=\"eb0d4aa\" data-element_type=\"widget\" data-e-type=\"widget\" data-widget_type=\"text-editor.default\">\n\t\t\t\t\t\t\t\t\t<p><strong>Schwerpunkte:<\/strong><\/p>\t\t\t\t\t\t\t\t<\/div>\n\t\t\t\t<div class=\"elementor-element elementor-element-656751a elementor-icon-list--layout-traditional elementor-list-item-link-full_width elementor-widget elementor-widget-icon-list\" data-id=\"656751a\" data-element_type=\"widget\" data-e-type=\"widget\" data-widget_type=\"icon-list.default\">\n\t\t\t\t\t\t\t<ul class=\"elementor-icon-list-items\">\n\t\t\t\t\t\t\t<li class=\"elementor-icon-list-item\">\n\t\t\t\t\t\t\t\t\t\t\t<span class=\"elementor-icon-list-icon\">\n\t\t\t\t\t\t\t<i aria-hidden=\"true\" class=\"fas fa-circle\"><\/i>\t\t\t\t\t\t<\/span>\n\t\t\t\t\t\t\t\t\t\t<span class=\"elementor-icon-list-text\">Immobilien-\u00a0und\u00a0Mietrecht<\/span>\n\t\t\t\t\t\t\t\t\t<\/li>\n\t\t\t\t\t\t\t\t<li class=\"elementor-icon-list-item\">\n\t\t\t\t\t\t\t\t\t\t\t<span class=\"elementor-icon-list-icon\">\n\t\t\t\t\t\t\t<i aria-hidden=\"true\" class=\"fas fa-circle\"><\/i>\t\t\t\t\t\t<\/span>\n\t\t\t\t\t\t\t\t\t\t<span class=\"elementor-icon-list-text\">Unternehmensrecht<\/span>\n\t\t\t\t\t\t\t\t\t<\/li>\n\t\t\t\t\t\t<\/ul>\n\t\t\t\t\t\t<\/div>\n\t\t\t\t\t<\/div>\n\t\t<\/div>\n\t\t\t\t\t<\/div>\n\t\t<\/section>\n\t\t\t\t<section class=\"elementor-section elementor-top-section elementor-element elementor-element-c9cf4be elementor-reverse-tablet elementor-reverse-mobile elementor-section-boxed elementor-section-height-default elementor-section-height-default\" data-id=\"c9cf4be\" data-element_type=\"section\" data-e-type=\"section\">\n\t\t\t\t\t\t<div class=\"elementor-container elementor-column-gap-default\">\n\t\t\t\t\t<div class=\"elementor-column elementor-col-50 elementor-top-column elementor-element elementor-element-506dce4\" data-id=\"506dce4\" data-element_type=\"column\" data-e-type=\"column\" data-settings=\"{&quot;background_background&quot;:&quot;classic&quot;}\">\n\t\t\t<div class=\"elementor-widget-wrap elementor-element-populated\">\n\t\t\t\t\t\t<div class=\"elementor-element elementor-element-78481fa elementor-widget elementor-widget-heading\" data-id=\"78481fa\" data-element_type=\"widget\" data-e-type=\"widget\" data-widget_type=\"heading.default\">\n\t\t\t\t\t<div class=\"elementor-heading-title elementor-size-default\">Ein st\u00e4ndiger Konsulent <\/div>\t\t\t\t<\/div>\n\t\t\t\t<div class=\"elementor-element elementor-element-cf7a9d4 elementor-widget elementor-widget-text-editor\" data-id=\"cf7a9d4\" data-element_type=\"widget\" data-e-type=\"widget\" data-widget_type=\"text-editor.default\">\n\t\t\t\t\t\t\t\t\t<ul><li>F\u00fcr das Fachgebiete Verwaltungs- und Verfassungsrecht; ehemaliger Richter eines Verwaltungsgerichtes<\/li><\/ul>\t\t\t\t\t\t\t\t<\/div>\n\t\t\t\t\t<\/div>\n\t\t<\/div>\n\t\t\t\t<div class=\"elementor-column elementor-col-50 elementor-top-column elementor-element elementor-element-bff5385\" data-id=\"bff5385\" data-element_type=\"column\" data-e-type=\"column\" data-settings=\"{&quot;background_background&quot;:&quot;classic&quot;}\">\n\t\t\t<div class=\"elementor-widget-wrap elementor-element-populated\">\n\t\t\t\t\t\t<div class=\"elementor-element elementor-element-4c5e3ea elementor-widget elementor-widget-heading\" data-id=\"4c5e3ea\" data-element_type=\"widget\" data-e-type=\"widget\" data-widget_type=\"heading.default\">\n\t\t\t\t\t<div class=\"elementor-heading-title elementor-size-default\">Ein st\u00e4ndiger Konsulent <\/div>\t\t\t\t<\/div>\n\t\t\t\t<div class=\"elementor-element elementor-element-6844885 elementor-widget elementor-widget-text-editor\" data-id=\"6844885\" data-element_type=\"widget\" data-e-type=\"widget\" data-widget_type=\"text-editor.default\">\n\t\t\t\t\t\t\t\t\t<ul><li>F\u00fcr das Fachgebiet Bankenrecht; ehemaliger Rechtsabteilungsleiter einer inl\u00e4ndischen Gro\u00dfbank<\/li><\/ul>\t\t\t\t\t\t\t\t<\/div>\n\t\t\t\t\t<\/div>\n\t\t<\/div>\n\t\t\t\t\t<\/div>\n\t\t<\/section>\n\t\t<div class=\"elementor-element elementor-element-44a7c4f e-flex e-con-boxed e-con e-parent\" data-id=\"44a7c4f\" data-element_type=\"container\" data-e-type=\"container\">\n\t\t\t\t\t<div class=\"e-con-inner\">\n\t\t\t\t<div class=\"elementor-element elementor-element-d99f495 elementor-widget elementor-widget-heading\" data-id=\"d99f495\" data-element_type=\"widget\" data-e-type=\"widget\" data-widget_type=\"heading.default\">\n\t\t\t\t\t<h3 class=\"elementor-heading-title elementor-size-default\">Weiterf\u00fchrende Links<\/h3>\t\t\t\t<\/div>\n\t\t<div class=\"elementor-element elementor-element-6cb79c9 e-con-full e-flex e-con e-child\" data-id=\"6cb79c9\" data-element_type=\"container\" data-e-type=\"container\">\n\t\t\t\t<div class=\"elementor-element elementor-element-f13b92e elementor-align-left elementor-widget elementor-widget-button\" data-id=\"f13b92e\" data-element_type=\"widget\" data-e-type=\"widget\" data-widget_type=\"button.default\">\n\t\t\t\t\t\t\t\t\t\t<a class=\"elementor-button elementor-button-link elementor-size-sm\" href=\"https:\/\/www.newole.at\/news-schwerpunkte\/\">\n\t\t\t\t\t\t<span class=\"elementor-button-content-wrapper\">\n\t\t\t\t\t\t\t\t\t<span class=\"elementor-button-text\">Newole News<\/span>\n\t\t\t\t\t<\/span>\n\t\t\t\t\t<\/a>\n\t\t\t\t\t\t\t\t<\/div>\n\t\t\t\t<div class=\"elementor-element elementor-element-d1e715c elementor-align-left elementor-widget elementor-widget-button\" data-id=\"d1e715c\" data-element_type=\"widget\" data-e-type=\"widget\" data-widget_type=\"button.default\">\n\t\t\t\t\t\t\t\t\t\t<a class=\"elementor-button elementor-button-link elementor-size-sm\" href=\"https:\/\/www.newole.at\/it\/punti-focali\/\">\n\t\t\t\t\t\t<span class=\"elementor-button-content-wrapper\">\n\t\t\t\t\t\t\t\t\t<span class=\"elementor-button-text\">Newole Kompetenzen<\/span>\n\t\t\t\t\t<\/span>\n\t\t\t\t\t<\/a>\n\t\t\t\t\t\t\t\t<\/div>\n\t\t\t\t<\/div>\n\t\t\t\t\t<\/div>\n\t\t\t\t<\/div>\n\t\t\t\t<\/div>\n\t\t","protected":false},"excerpt":{"rendered":"<p>Sullo Studio Legale NEWOLE studio legale esiste dal 1992. Forniamo consulenza e assistenza a persone fisiche e giuridiche italiane e straniere, nonch\u00e9 istituzioni pubbliche. In particolare nei settori del diritto civile generale e del diritto commerciale Non solo dinanzi alle autorit\u00e0 giurisdizionali e amministrative, ma anche al di fuori di esse, ad esempio nella fase [&hellip;]<\/p>\n","protected":false},"author":1,"featured_media":0,"parent":0,"menu_order":0,"comment_status":"closed","ping_status":"closed","template":"","meta":{"_acf_changed":false,"footnotes":""},"class_list":["post-1815","page","type-page","status-publish","hentry"],"acf":[],"_links":{"self":[{"href":"https:\/\/www.newole.at\/it\/wp-json\/wp\/v2\/pages\/1815","targetHints":{"allow":["GET"]}}],"collection":[{"href":"https:\/\/www.newole.at\/it\/wp-json\/wp\/v2\/pages"}],"about":[{"href":"https:\/\/www.newole.at\/it\/wp-json\/wp\/v2\/types\/page"}],"author":[{"embeddable":true,"href":"https:\/\/www.newole.at\/it\/wp-json\/wp\/v2\/users\/1"}],"replies":[{"embeddable":true,"href":"https:\/\/www.newole.at\/it\/wp-json\/wp\/v2\/comments?post=1815"}],"version-history":[{"count":2,"href":"https:\/\/www.newole.at\/it\/wp-json\/wp\/v2\/pages\/1815\/revisions"}],"predecessor-version":[{"id":2368,"href":"https:\/\/www.newole.at\/it\/wp-json\/wp\/v2\/pages\/1815\/revisions\/2368"}],"wp:attachment":[{"href":"https:\/\/www.newole.at\/it\/wp-json\/wp\/v2\/media?parent=1815"}],"curies":[{"name":"wp","href":"https:\/\/api.w.org\/{rel}","templated":true}]}}